{"id":197,"date":"2024-08-10T14:07:05","date_gmt":"2024-08-10T14:07:05","guid":{"rendered":"http:\/\/localhost:10028\/?page_id=197"},"modified":"2026-01-03T20:05:29","modified_gmt":"2026-01-03T20:05:29","slug":"home","status":"publish","type":"page","link":"https:\/\/www.buyukkolejas.com.tr\/","title":{"rendered":"Anasayfa"},"content":{"rendered":"\t\t<div data-elementor-type=\"wp-page\" data-elementor-id=\"197\" class=\"elementor elementor-197\">\n\t\t\t\t<div class=\"elementor-element elementor-element-4d56f72 e-flex e-con-boxed rt-default-class e-con e-parent\" data-id=\"4d56f72\" data-element_type=\"container\" data-e-type=\"container\">\n\t\t\t\t\t<div class=\"e-con-inner\">\n\t\t\t\t<div class=\"elementor-element elementor-element-930ce34 rt-default-class elementor-widget elementor-widget-slider_revolution\" data-id=\"930ce34\" data-element_type=\"widget\" data-e-type=\"widget\" data-widget_type=\"slider_revolution.default\">\n\t\t\t\t\t\n\t\t<div class=\"wp-block-themepunch-revslider\">\n\t\t\t\t<p class=\"rs-p-wp-fix\"><\/p>\n\t\t\t\t<sr7-module data-alias=\"home-1\" data-id=\"1\" id=\"SR7_1_1\" class=\"rs-ov-hidden\" data-version=\"6.7.23\">\n\t\t\t\t\t<sr7-adjuster><\/sr7-adjuster>\n\t\t\t\t\t<sr7-content>\n\t\t\t\t\t\t<sr7-slide id=\"SR7_1_1-1\" data-key=\"1\">\n\t\t\t\t\t\t\t<sr7-bg id=\"SR7_1_1-1-6\" class=\"sr7-layer\"><noscript><img decoding=\"async\" src=\"http:\/\/www.buyukkolejas.com.tr\/wp-content\/uploads\/2026\/01\/s1.jpg\" alt=\"\" title=\"s1\"><\/noscript><\/sr7-bg>\n\t\t\t\t\t\t\t<sr7-txt id=\"SR7_1_1-1-0\" class=\"sr7-layer\">73 y\u0131ll\u0131k k\u00f6kl\u00fc ge\u00e7mi\u015f<\/sr7-txt>\n\t\t\t\t\t\t\t<sr7-txt id=\"SR7_1_1-1-1\" class=\"sr7-layer\">E\u011fitimde \u00d6nc\u00fc<\/sr7-txt>\n\t\t\t\t\t\t\t<sr7-txt id=\"SR7_1_1-1-2\" class=\"sr7-layer\">B\u00fcy\u00fck Kolej<\/sr7-txt>\n\t\t\t\t\t\t\t<sr7-txt id=\"SR7_1_1-1-3\" class=\"sr7-layer\">B\u00dcY\u00dcK\u2019te E\u011fitim Bir Ad\u0131m \u00d6nde Ba\u015flar<br \/>\nUluslararas\u0131 standartlarda e\u011fitim, g\u00fc\u00e7l\u00fc akademik kadro ve ba\u015far\u0131 odakl\u0131 sistem.<br \/>\n<\/sr7-txt>\n\t\t\t\t\t\t<\/sr7-slide>\n\t\t\t\t\t\t<sr7-slide id=\"SR7_1_1-2\" data-key=\"2\">\n\t\t\t\t\t\t\t<sr7-bg id=\"SR7_1_1-2-6\" class=\"sr7-layer\"><noscript><img decoding=\"async\" src=\"https:\/\/www.buyukkolejas.com.tr\/wp-content\/uploads\/revslider\/home-1\/slide21.webp\" alt=\"\" title=\"slide21.webp\"><\/noscript><\/sr7-bg>\n\t\t\t\t\t\t\t<sr7-txt id=\"SR7_1_1-2-0\" class=\"sr7-layer\">E\u011fitimde G\u00fcven<\/sr7-txt>\n\t\t\t\t\t\t\t<sr7-txt id=\"SR7_1_1-2-1\" class=\"sr7-layer\">Lider Nesiller<\/sr7-txt>\n\t\t\t\t\t\t\t<sr7-txt id=\"SR7_1_1-2-2\" class=\"sr7-layer\">B\u00fcy\u00fck Kolej<\/sr7-txt>\n\t\t\t\t\t\t\t<sr7-txt id=\"SR7_1_1-2-3\" class=\"sr7-layer\">Cumhuriyet de\u011ferleriyle yeti\u015fen, akademik ve sosyal y\u00f6nden<br \/>\ndonan\u0131ml\u0131 nesiller yeti\u015ftiriyoruz<\/sr7-txt>\n\t\t\t\t\t\t<\/sr7-slide>\n\t\t\t\t\t\t<sr7-slide id=\"SR7_1_1-3\" data-key=\"3\">\n\t\t\t\t\t\t\t<sr7-bg id=\"SR7_1_1-3-6\" class=\"sr7-layer\"><noscript><img decoding=\"async\" src=\"https:\/\/www.buyukkolejas.com.tr\/wp-content\/uploads\/2024\/08\/slide2.webp\" alt=\"\" title=\"slide2\"><\/noscript><\/sr7-bg>\n\t\t\t\t\t\t\t<sr7-txt id=\"SR7_1_1-3-0\" class=\"sr7-layer\">K\u00d6KL\u00dc GE\u00c7M\u0130\u015e, G\u00dc\u00c7L\u00dc YARINLAR<\/sr7-txt>\n\t\t\t\t\t\t\t<sr7-txt id=\"SR7_1_1-3-1\" class=\"sr7-layer\">Gelecek Biziz<\/sr7-txt>\n\t\t\t\t\t\t\t<sr7-txt id=\"SR7_1_1-3-2\" class=\"sr7-layer\">B\u00fcy\u00fck Kolej<\/sr7-txt>\n\t\t\t\t\t\t\t<sr7-txt id=\"SR7_1_1-3-3\" class=\"sr7-layer\">Laik, \u00e7a\u011fda\u015f ve d\u00fcnya standartlar\u0131nda e\u011fitim anlay\u0131\u015f\u0131m\u0131zla <br \/>\n\u00f6\u011frencilerimizi gelece\u011fe haz\u0131rl\u0131yoruz.<\/sr7-txt>\n\t\t\t\t\t\t<\/sr7-slide>\n\t\t\t\t\t\t<sr7-slide id=\"SR7_1_1-15\" data-key=\"15\">\n\t\t\t\t\t\t<\/sr7-slide>\n\t\t\t\t\t<\/sr7-content>\n\t\t\t\t\t<image_lists style=\"display:none\">\n\t\t\t\t\t\t<img data-src=\"\/\/www.buyukkolejas.com.tr\/wp-content\/uploads\/2026\/01\/s1.jpg\" data-libid=\"4130\" data-lib=\"medialibrary\" title=\"s1\" width=\"0\" height=\"0\" data-dbsrc=\"Ly93d3cuYnV5dWtrb2xlamFzLmNvbS50ci93cC1jb250ZW50L3VwbG9hZHMvMjAyNi8wMS9zMS5qcGc=\"\/>\n\t\t\t\t\t\t<img data-src=\"\/\/www.buyukkolejas.com.tr\/wp-content\/uploads\/revslider\/home-1\/slide21.webp\" data-libid=\"4026\" data-lib=\"medialibrary\" title=\"slide21.webp\" width=\"0\" height=\"0\" data-dbsrc=\"Ly93d3cuYnV5dWtrb2xlamFzLmNvbS50ci93cC1jb250ZW50L3VwbG9hZHMvcmV2c2xpZGVyL2hvbWUtMS9zbGlkZTIxLndlYnA=\"\/>\n\t\t\t\t\t\t<img data-src=\"\/\/www.buyukkolejas.com.tr\/wp-content\/uploads\/2024\/08\/slide2.webp\" data-libid=\"66\" data-lib=\"medialibrary\" title=\"slide2\" width=\"0\" height=\"0\" data-dbsrc=\"Ly93d3cuYnV5dWtrb2xlamFzLmNvbS50ci93cC1jb250ZW50L3VwbG9hZHMvMjAyNC8wOC9zbGlkZTIud2VicA==\"\/>\n\t\t\t\t\t<\/image_lists>\n\t\t\t\t<\/sr7-module>\n\t\t\t\t<script>\n\t\t\t\t\tSR7.PMH ??={}; SR7.PMH[\"SR7_1_1\"] = {cn:100,state:false,fn: function() { if (_tpt!==undefined && _tpt.prepareModuleHeight !== undefined) {  _tpt.prepareModuleHeight({id:\"SR7_1_1\",el:[880,880,768,760,620],type:'standard',shdw:'0',gh:[880,880,768,760,620],gw:[1550,1550,1024,778,480],vpt:['-100px&#039;,&#039;-100px&#039;,&#039;-100px&#039;,&#039;-100px&#039;,&#039;-100px'],size:{fullWidth:true, fullHeight:false},mh:'0',onh:0,onw:45,bg:{color:'{\"orig\":\"transparent\",\"type\":\"solid\",\"string\":\"transparent\"}'}});   SR7.PMH[\"SR7_1_1\"].state=true;} else if(SR7.PMH[\"SR7_1_1\"].cn-->0)\tsetTimeout( SR7.PMH[\"SR7_1_1\"].fn,19);}};SR7.PMH[\"SR7_1_1\" ].fn();\n\t\t\t\t<\/script>\n<\/div>\n\n\t\t\t\t\t\t<\/div>\n\t\t\t\t\t<\/div>\n\t\t\t\t<\/div>\n\t\t\t\t<\/div>\n\t\t","protected":false},"excerpt":{"rendered":"","protected":false},"author":1,"featured_media":0,"parent":0,"menu_order":0,"comment_status":"closed","ping_status":"closed","template":"elementor_header_footer","meta":{"footnotes":""},"class_list":["post-197","page","type-page","status-publish","hentry"],"_links":{"self":[{"href":"https:\/\/www.buyukkolejas.com.tr\/index.php\/wp-json\/wp\/v2\/pages\/197","targetHints":{"allow":["GET"]}}],"collection":[{"href":"https:\/\/www.buyukkolejas.com.tr\/index.php\/wp-json\/wp\/v2\/pages"}],"about":[{"href":"https:\/\/www.buyukkolejas.com.tr\/index.php\/wp-json\/wp\/v2\/types\/page"}],"author":[{"embeddable":true,"href":"https:\/\/www.buyukkolejas.com.tr\/index.php\/wp-json\/wp\/v2\/users\/1"}],"replies":[{"embeddable":true,"href":"https:\/\/www.buyukkolejas.com.tr\/index.php\/wp-json\/wp\/v2\/comments?post=197"}],"version-history":[{"count":15,"href":"https:\/\/www.buyukkolejas.com.tr\/index.php\/wp-json\/wp\/v2\/pages\/197\/revisions"}],"predecessor-version":[{"id":4070,"href":"https:\/\/www.buyukkolejas.com.tr\/index.php\/wp-json\/wp\/v2\/pages\/197\/revisions\/4070"}],"wp:attachment":[{"href":"https:\/\/www.buyukkolejas.com.tr\/index.php\/wp-json\/wp\/v2\/media?parent=197"}],"curies":[{"name":"wp","href":"https:\/\/api.w.org\/{rel}","templated":true}]}}